{"id":908,"date":"2013-05-18T11:01:14","date_gmt":"2013-05-18T09:01:14","guid":{"rendered":"http:\/\/www.cepdivin.org\/?page_id=908"},"modified":"2026-01-31T17:39:12","modified_gmt":"2026-01-31T16:39:12","slug":"adhesion","status":"publish","type":"page","link":"https:\/\/www.cepdivin.org\/?page_id=908","title":{"rendered":"Adh\u00e9sion"},"content":{"rendered":"<p style=\"text-align: justify;\"><div id=\"metaslider-id-1209\" style=\"max-width: 565px; margin: 0 auto;\" class=\"ml-slider-3-107-0 metaslider metaslider-nivo metaslider-1209 ml-slider ms-theme-default\" role=\"region\" aria-label=\"Diaporama g\u00e9n\u00e9ral\" data-height=\"290\" data-width=\"565\">\n    <div id=\"metaslider_container_1209\">\n        <div class='slider-wrapper theme-default'><div class='ribbon'><\/div><div id='metaslider_1209' class='nivoSlider'><img loading=\"lazy\" decoding=\"async\" src=\"https:\/\/www.cepdivin.org\/wp-content\/uploads\/2016\/08\/club-cepdivin-degustation-2016-09-03-565x290.jpg\" height=\"290\" width=\"565\" alt=\"\" class=\"slider-1209 slide-5248 msDefaultImage\" \/><img loading=\"lazy\" decoding=\"async\" src=\"https:\/\/www.cepdivin.org\/wp-content\/uploads\/2013\/07\/tagaoc502-565x290.jpg\" height=\"290\" width=\"565\" alt=\"\" class=\"slider-1209 slide-1497 msDefaultImage\" \/><img loading=\"lazy\" decoding=\"async\" src=\"https:\/\/www.cepdivin.org\/wp-content\/uploads\/2017\/10\/la-champagne-vagabonde-degustation-litteraire-2017-11-10_1-565x290.jpg\" height=\"290\" width=\"565\" title=\"la-champagne-vagabonde-degustation-litteraire-2017-11-10_1\" alt=\"\" class=\"slider-1209 slide-6495 msDefaultImage\" \/><img loading=\"lazy\" decoding=\"async\" src=\"https:\/\/www.cepdivin.org\/wp-content\/uploads\/2013\/06\/Dali-2-565x290.jpg\" height=\"290\" width=\"565\" alt=\"Amancio Tenaguillo y Cort\u00e1zar &amp; G\u00e9rald Mazaud : De Rabelais \u00e0 Dali : dr\u00f4leries, grotesques &amp; caprices. D\u00e9gustation litt\u00e9raire, Cellier des Chartrons, 20\/11\/2009.\" class=\"slider-1209 slide-1215 msDefaultImage\" \/><img loading=\"lazy\" decoding=\"async\" src=\"https:\/\/www.cepdivin.org\/wp-content\/uploads\/2013\/07\/DL-14-02-2008-565x290.jpg\" height=\"290\" width=\"565\" alt=\"\" class=\"slider-1209 slide-1495 msDefaultImage\" \/><img loading=\"lazy\" decoding=\"async\" src=\"https:\/\/www.cepdivin.org\/wp-content\/uploads\/2013\/06\/DD-26-01-2013-565x290.jpg\" height=\"290\" width=\"565\" alt=\"D\u00eener d\u00e9gustation. L\" class=\"slider-1209 slide-1229 msDefaultImage\" \/><img loading=\"lazy\" decoding=\"async\" src=\"https:\/\/www.cepdivin.org\/wp-content\/uploads\/2013\/06\/010-565x290.jpg\" height=\"290\" width=\"565\" alt=\"Anne-Marie Royer Pantin : La rose et le vin, Esth\u00e9tique du vin. D\u00e9gustation litt\u00e9raire, La Machine \u00e0 Lire, 14\/02\/2008.\" class=\"slider-1209 slide-1227 msDefaultImage\" \/><img loading=\"lazy\" decoding=\"async\" src=\"https:\/\/www.cepdivin.org\/wp-content\/uploads\/2014\/05\/des-bordeaux-a-part-565x290.jpg\" height=\"290\" width=\"565\" alt=\"\" class=\"slider-1209 slide-3075 msDefaultImage\" \/><img loading=\"lazy\" decoding=\"async\" src=\"https:\/\/www.cepdivin.org\/wp-content\/uploads\/2014\/06\/degustation-litteraire-2014-06-20-vins-565x290.jpg\" height=\"290\" width=\"565\" alt=\"\" class=\"slider-1209 slide-3266 msDefaultImage\" \/><img loading=\"lazy\" decoding=\"async\" src=\"https:\/\/www.cepdivin.org\/wp-content\/uploads\/2013\/06\/DL-19-11-2010-vins-565x290.jpg\" height=\"290\" width=\"565\" alt=\"\" class=\"slider-1209 slide-1237 msDefaultImage\" \/><img loading=\"lazy\" decoding=\"async\" src=\"https:\/\/www.cepdivin.org\/wp-content\/uploads\/2013\/06\/DL-08-12-2007-565x290.jpg\" height=\"290\" width=\"565\" alt=\"\" class=\"slider-1209 slide-1486 msDefaultImage\" \/><img loading=\"lazy\" decoding=\"async\" src=\"https:\/\/www.cepdivin.org\/wp-content\/uploads\/2013\/06\/DL-14-12-2007-565x290.jpg\" height=\"290\" width=\"565\" alt=\"\" class=\"slider-1209 slide-1317 msDefaultImage\" \/><img loading=\"lazy\" decoding=\"async\" src=\"https:\/\/www.cepdivin.org\/wp-content\/uploads\/2013\/06\/DL30nov5-565x290.jpg\" height=\"290\" width=\"565\" alt=\"Collectif, Le Vin dans ses \u0152uvres. D\u00e9gustation litt\u00e9raire, La Machine \u00e0 Lire, 30\/11\/2004.\" class=\"slider-1209 slide-1219 msDefaultImage\" \/><img loading=\"lazy\" decoding=\"async\" src=\"https:\/\/www.cepdivin.org\/wp-content\/uploads\/2026\/01\/degustation-litteraire-jerez-bardins-affiche-565x290.jpg\" height=\"290\" width=\"565\" title=\"degustation litteraire jerez bardins affiche\" alt=\"\" class=\"slider-1209 slide-6494 msDefaultImage\" \/><img loading=\"lazy\" decoding=\"async\" src=\"https:\/\/www.cepdivin.org\/wp-content\/uploads\/2017\/02\/club-cepdivin-degustation-2017-03-18-565x290.jpg\" height=\"290\" width=\"565\" alt=\"\" class=\"slider-1209 slide-5772 msDefaultImage\" \/><img loading=\"lazy\" decoding=\"async\" src=\"https:\/\/www.cepdivin.org\/wp-content\/uploads\/2026\/01\/degustation-litteraire-jerez-bardins-3-565x290.jpg\" height=\"290\" width=\"565\" title=\"degustation litteraire jerez bardins 3\" alt=\"\" class=\"slider-1209 slide-6492 msDefaultImage\" \/><img loading=\"lazy\" decoding=\"async\" src=\"https:\/\/www.cepdivin.org\/wp-content\/uploads\/2013\/06\/DL-13-12-2005-vins-565x290.jpg\" height=\"290\" width=\"565\" alt=\"\" class=\"slider-1209 slide-1236 msDefaultImage\" \/><img loading=\"lazy\" decoding=\"async\" src=\"https:\/\/www.cepdivin.org\/wp-content\/uploads\/2013\/06\/DL-27-01-2007-565x290.jpg\" height=\"290\" width=\"565\" alt=\"\" class=\"slider-1209 slide-1488 msDefaultImage\" \/><img loading=\"lazy\" decoding=\"async\" src=\"https:\/\/www.cepdivin.org\/wp-content\/uploads\/2013\/06\/D\u00e9gustation-litt\u00e9raire-Ch\u00e2teau-Dillon-e1390669049114-565x290.jpg\" height=\"290\" width=\"565\" alt=\"Marc Heimermann : D\u00e9gustations spirituelles dans les vignes d\" class=\"slider-1209 slide-1218 msDefaultImage\" \/><img loading=\"lazy\" decoding=\"async\" src=\"https:\/\/www.cepdivin.org\/wp-content\/uploads\/2013\/07\/Chateau-Filhot-10-12-2011-2-565x290.jpg\" height=\"290\" width=\"565\" alt=\"\" class=\"slider-1209 slide-1499 msDefaultImage\" \/><img loading=\"lazy\" decoding=\"async\" src=\"https:\/\/www.cepdivin.org\/wp-content\/uploads\/2013\/07\/voyage_aux_pays_du_vin-400x205.jpg\" height=\"290\" width=\"565\" alt=\"\" class=\"slider-1209 slide-1498 msDefaultImage\" \/><img loading=\"lazy\" decoding=\"async\" src=\"https:\/\/www.cepdivin.org\/wp-content\/uploads\/2013\/06\/0004b1-565x290.jpg\" height=\"290\" width=\"565\" alt=\"Autant en emporte le vin : Fran\u00e7ois Vignes &amp; Claude Andrzejewski. D\u00e9gustation litt\u00e9raire, La Machine \u00e0 Lire, 25\/03\/2006.\" class=\"slider-1209 slide-1226 msDefaultImage\" \/><img loading=\"lazy\" decoding=\"async\" src=\"https:\/\/www.cepdivin.org\/wp-content\/uploads\/2013\/07\/DL-14-02-2008-2-565x290.jpg\" height=\"290\" width=\"565\" alt=\"\" class=\"slider-1209 slide-1496 msDefaultImage\" \/><img loading=\"lazy\" decoding=\"async\" src=\"https:\/\/www.cepdivin.org\/wp-content\/uploads\/2013\/07\/DL-04-11-2009-2-565x290.jpg\" height=\"290\" width=\"565\" alt=\"\" class=\"slider-1209 slide-1494 msDefaultImage\" \/><img loading=\"lazy\" decoding=\"async\" src=\"https:\/\/www.cepdivin.org\/wp-content\/uploads\/2013\/07\/DL-04-11-2009-565x290.jpg\" height=\"290\" width=\"565\" alt=\"\" class=\"slider-1209 slide-1493 msDefaultImage\" \/><img loading=\"lazy\" decoding=\"async\" src=\"https:\/\/www.cepdivin.org\/wp-content\/uploads\/2013\/06\/Philippe-Margot-565x290.jpg\" height=\"290\" width=\"565\" alt=\"\" class=\"slider-1209 slide-1326 msDefaultImage\" \/><img loading=\"lazy\" decoding=\"async\" src=\"https:\/\/www.cepdivin.org\/wp-content\/uploads\/2013\/06\/Armagnac-565x290.jpg\" height=\"290\" width=\"565\" alt=\"Armagnac : La flamme et la patience. D\u00e9gustation litt\u00e9raire, Ch\u00e2teau Bardins, 03\/04\/2009.\" class=\"slider-1209 slide-1217 msDefaultImage\" \/><img loading=\"lazy\" decoding=\"async\" src=\"https:\/\/www.cepdivin.org\/wp-content\/uploads\/2013\/06\/DL-19-06-2007-565x290.jpg\" height=\"290\" width=\"565\" alt=\"\" class=\"slider-1209 slide-1487 msDefaultImage\" \/><img loading=\"lazy\" decoding=\"async\" src=\"https:\/\/www.cepdivin.org\/wp-content\/uploads\/2026\/01\/Degustaion-litteraire-Jerez-Quvee-3-565x290.jpg\" height=\"290\" width=\"565\" title=\"Degustaion litteraire Jerez Quvee 3\" alt=\"\" class=\"slider-1209 slide-6490 msDefaultImage\" \/><img loading=\"lazy\" decoding=\"async\" src=\"https:\/\/www.cepdivin.org\/wp-content\/uploads\/2026\/01\/Degustaion-litteraire-Jerez-Quvee-2-565x290.jpg\" height=\"290\" width=\"565\" title=\"Degustaion litteraire Jerez Quvee 2\" alt=\"\" class=\"slider-1209 slide-6493 msDefaultImage\" \/><img loading=\"lazy\" decoding=\"async\" src=\"https:\/\/www.cepdivin.org\/wp-content\/uploads\/2014\/01\/Expression-des-terroirs-2013-01-17-3-565x290.jpg\" height=\"290\" width=\"565\" alt=\"\" class=\"slider-1209 slide-2595 msDefaultImage\" \/><img loading=\"lazy\" decoding=\"async\" src=\"https:\/\/www.cepdivin.org\/wp-content\/uploads\/2014\/05\/ag-2014-06-26-1-565x290.jpg\" height=\"290\" width=\"565\" alt=\"\" class=\"slider-1209 slide-3315 msDefaultImage\" \/><img loading=\"lazy\" decoding=\"async\" src=\"https:\/\/www.cepdivin.org\/wp-content\/uploads\/2013\/07\/Chateau-Filhot-10-12-2011-3-565x290.jpg\" height=\"290\" width=\"565\" alt=\"\" class=\"slider-1209 slide-1500 msDefaultImage\" \/><img loading=\"lazy\" decoding=\"async\" src=\"https:\/\/www.cepdivin.org\/wp-content\/uploads\/2013\/06\/DL-21-01-2011-565x290.jpg\" height=\"290\" width=\"565\" alt=\"\" class=\"slider-1209 slide-1491 msDefaultImage\" \/><img loading=\"lazy\" decoding=\"async\" src=\"https:\/\/www.cepdivin.org\/wp-content\/uploads\/2013\/06\/0002-565x290.jpg\" height=\"290\" width=\"565\" alt=\"Amancio Tenaguillo y Cort\u00e1zar : Oinopos - voyage au pays du vin. D\u00e9gustation litt\u00e9raire, Domaine Bordenave,12\/12\/2009.\" class=\"slider-1209 slide-1222 msDefaultImage\" \/><img loading=\"lazy\" decoding=\"async\" src=\"https:\/\/www.cepdivin.org\/wp-content\/uploads\/2013\/06\/Ch\u00e2teau-Bardins-565x290.jpg\" height=\"290\" width=\"565\" data-caption=\"&lt;div&gt;Ch&amp;acirc;teau Bardins&lt;\/div&gt;\" alt=\"Ch\u00e2teau Bardins\" class=\"slider-1209 slide-1211 msDefaultImage\" \/><img loading=\"lazy\" decoding=\"async\" src=\"https:\/\/www.cepdivin.org\/wp-content\/uploads\/2013\/06\/ATC-565x290.jpg\" height=\"290\" width=\"565\" alt=\"\" class=\"slider-1209 slide-1324 msDefaultImage\" \/><img loading=\"lazy\" decoding=\"async\" src=\"https:\/\/www.cepdivin.org\/wp-content\/uploads\/2013\/06\/DL-26-01-2013-565x290.jpg\" height=\"290\" width=\"565\" alt=\"Astrid Bouygues, S\u00e9gol\u00e8ne Lef\u00e8vre, Gabriel Saad : Histoires l\u00e9gumi\u00e8res. d\u00e9gustation litt\u00e9raire, L\" class=\"slider-1209 slide-1228 msDefaultImage\" \/><img loading=\"lazy\" decoding=\"async\" src=\"https:\/\/www.cepdivin.org\/wp-content\/uploads\/2013\/05\/timbre_pasteur-565x290.jpg\" height=\"290\" width=\"565\" alt=\"\" class=\"slider-1209 slide-1077 msDefaultImage\" \/><img loading=\"lazy\" decoding=\"async\" src=\"https:\/\/www.cepdivin.org\/wp-content\/uploads\/2013\/06\/DL-06-04-2012-565x290.jpg\" height=\"290\" width=\"565\" alt=\"Balada flamenca: Jean-Louis Duzert, Ludovic Pautier &amp; Tony Hernandez. d\u00e9gustation litt\u00e9raire, Ch\u00e2teau Bardins, 06\/04\/2012.\" class=\"slider-1209 slide-1231 msDefaultImage\" \/><img loading=\"lazy\" decoding=\"async\" src=\"https:\/\/www.cepdivin.org\/wp-content\/uploads\/2013\/07\/Chateau-Filhot-10-12-2011-4-565x290.jpg\" height=\"290\" width=\"565\" alt=\"\" class=\"slider-1209 slide-1501 msDefaultImage\" \/><img loading=\"lazy\" decoding=\"async\" src=\"https:\/\/www.cepdivin.org\/wp-content\/uploads\/2013\/06\/DL-07-12-2012-565x290.jpg\" height=\"290\" width=\"565\" alt=\"Yves Charnet, le po\u00e8te torero : (auto)portraits en artiste romantique. D\u00e9gustation litt\u00e9raire, Ecomus\u00e9e de la vigne et du vin, Gradignan, 07\/12\/2012.\" class=\"slider-1209 slide-1233 msDefaultImage\" \/><img loading=\"lazy\" decoding=\"async\" src=\"https:\/\/www.cepdivin.org\/wp-content\/uploads\/2013\/06\/DL-24-11-2005-\u00e9tiquettes-565x290.jpg\" height=\"290\" width=\"565\" alt=\"\" class=\"slider-1209 slide-1234 msDefaultImage\" \/><img loading=\"lazy\" decoding=\"async\" src=\"https:\/\/www.cepdivin.org\/wp-content\/uploads\/2013\/06\/Dali-565x290.jpg\" height=\"290\" width=\"565\" alt=\"Bernard Lafargue et Amancio Tenaguillo y Cort\u00e1zar : &quot;De Goya \u00e0 Dali, les caprices de Dionysos&quot;. D\u00e9gustation litt\u00e9raire, Cellier des Chartrons, 13\/11\/2009.\" class=\"slider-1209 slide-1216 msDefaultImage\" \/><img loading=\"lazy\" decoding=\"async\" src=\"https:\/\/www.cepdivin.org\/wp-content\/uploads\/2013\/06\/003-565x290.jpg\" height=\"290\" width=\"565\" alt=\"Patrice Bersac : Le vignoble francilien, histoire d\" class=\"slider-1209 slide-1223 msDefaultImage\" \/><img loading=\"lazy\" decoding=\"async\" src=\"https:\/\/www.cepdivin.org\/wp-content\/uploads\/2013\/07\/Chateau-Filhot-10-12-2011-565x290.jpg\" height=\"290\" width=\"565\" alt=\"\" class=\"slider-1209 slide-1502 msDefaultImage\" \/><img loading=\"lazy\" decoding=\"async\" src=\"https:\/\/www.cepdivin.org\/wp-content\/uploads\/2015\/10\/2015-10-15-club-cepdivin-degustation-bandeau-565x290.jpg\" height=\"290\" width=\"565\" alt=\"\" class=\"slider-1209 slide-4987 msDefaultImage\" \/><img loading=\"lazy\" decoding=\"async\" src=\"https:\/\/www.cepdivin.org\/wp-content\/uploads\/2014\/05\/Azelina-Jaboulet-Vercherre-Florilege-565x290.jpg\" height=\"290\" width=\"565\" alt=\"Az\u00e9lina Jaboulet-Vercherre : Floril\u00e8ge de discours savants sur le vin.\" class=\"slider-1209 slide-3044 msDefaultImage\" \/><img loading=\"lazy\" decoding=\"async\" src=\"https:\/\/www.cepdivin.org\/wp-content\/uploads\/2013\/06\/LEnvers-du-D\u00e9cor-448x229.jpg\" height=\"290\" width=\"565\" alt=\"\" class=\"slider-1209 slide-1325 msDefaultImage\" \/><img loading=\"lazy\" decoding=\"async\" src=\"https:\/\/www.cepdivin.org\/wp-content\/uploads\/2013\/06\/DL-06-04-20121-565x290.jpg\" height=\"290\" width=\"565\" alt=\"Balada flamenca: Jean-Louis Duzert, Ludovic Pautier &amp; Tony Hernandez. d\u00e9gustation litt\u00e9raire, Ch\u00e2teau Bardins, 06\/04\/2012.\" class=\"slider-1209 slide-1232 msDefaultImage\" \/><img loading=\"lazy\" decoding=\"async\" src=\"https:\/\/www.cepdivin.org\/wp-content\/uploads\/2013\/05\/Ch\u00e2teau-dArsac-360x185.jpg\" height=\"290\" width=\"565\" alt=\"\" class=\"slider-1209 slide-1060 msDefaultImage\" \/><img loading=\"lazy\" decoding=\"async\" src=\"https:\/\/www.cepdivin.org\/wp-content\/uploads\/2013\/05\/Munic\u00edpio-de-Sabrosa-Media-Not\u00edcias-Cultura-SABROSA-PROMOVE-VINHOS-EM-PA\u00cdS-E-TERRA-DE-VINHOS-528x271.png\" height=\"290\" width=\"565\" alt=\"Sabrosa promove vinhos em pa\u00eds e terra de vinhos, Sabrosa municipio, 24\/11\/2010.\" class=\"slider-1209 slide-1135 msDefaultImage\" \/><img loading=\"lazy\" decoding=\"async\" src=\"https:\/\/www.cepdivin.org\/wp-content\/uploads\/2017\/10\/degustation-litteraire-20171110-vins-565x290.jpg\" height=\"290\" width=\"565\" data-caption=\"&lt;div&gt;La Champagne vagabonde, vineuse et litt&amp;eacute;raire&lt;\/div&gt;\" alt=\"\" class=\"slider-1209 slide-6119 msDefaultImage\" \/><img loading=\"lazy\" decoding=\"async\" src=\"https:\/\/www.cepdivin.org\/wp-content\/uploads\/2026\/01\/degustation-litteraire-jerez-bardins-5-565x290.jpg\" height=\"290\" width=\"565\" title=\"degustation litteraire jerez bardins 5\" alt=\"\" class=\"slider-1209 slide-6498 msDefaultImage\" \/><img loading=\"lazy\" decoding=\"async\" src=\"https:\/\/www.cepdivin.org\/wp-content\/uploads\/2013\/07\/Domaine-Bordenave-565x290.jpg\" height=\"290\" width=\"565\" alt=\"\" class=\"slider-1209 slide-1492 msDefaultImage\" \/><img loading=\"lazy\" decoding=\"async\" src=\"https:\/\/www.cepdivin.org\/wp-content\/uploads\/2013\/06\/DL-29-01-2005-565x290.jpg\" height=\"290\" width=\"565\" alt=\"\" class=\"slider-1209 slide-1489 msDefaultImage\" \/><img loading=\"lazy\" decoding=\"async\" src=\"https:\/\/www.cepdivin.org\/wp-content\/uploads\/2013\/06\/DL-10-06-2004-565x290.jpg\" height=\"290\" width=\"565\" alt=\"\" class=\"slider-1209 slide-1314 msDefaultImage\" \/><img loading=\"lazy\" decoding=\"async\" src=\"https:\/\/www.cepdivin.org\/wp-content\/uploads\/2013\/06\/DL-14-02-20081-426x218.jpg\" height=\"290\" width=\"565\" alt=\"\" class=\"slider-1209 slide-1316 msDefaultImage\" \/><img loading=\"lazy\" decoding=\"async\" src=\"https:\/\/www.cepdivin.org\/wp-content\/uploads\/2013\/06\/DL-07-04-2004-vins-565x290.jpg\" height=\"290\" width=\"565\" alt=\"\" class=\"slider-1209 slide-1235 msDefaultImage\" \/><img loading=\"lazy\" decoding=\"async\" src=\"https:\/\/www.cepdivin.org\/wp-content\/uploads\/2013\/06\/Georges-Ferr\u00e91-565x290.jpg\" height=\"290\" width=\"565\" alt=\"\" class=\"slider-1209 slide-1490 msDefaultImage\" \/><img loading=\"lazy\" decoding=\"async\" src=\"https:\/\/www.cepdivin.org\/wp-content\/uploads\/2014\/12\/degustation-litteraire-jean-yves-bardin-565x290.jpg\" height=\"290\" width=\"565\" alt=\"\" class=\"slider-1209 slide-3940 msDefaultImage\" \/><img loading=\"lazy\" decoding=\"async\" src=\"https:\/\/www.cepdivin.org\/wp-content\/uploads\/2013\/06\/DL-08-12-2007-2-565x290.jpg\" height=\"290\" width=\"565\" alt=\"\" class=\"slider-1209 slide-1485 msDefaultImage\" \/><img loading=\"lazy\" decoding=\"async\" src=\"https:\/\/www.cepdivin.org\/wp-content\/uploads\/2017\/09\/chateau-bardins-565x290.jpg\" height=\"290\" width=\"565\" title=\"chateau-bardins\" alt=\"\" class=\"slider-1209 slide-6496 msDefaultImage\" \/><img loading=\"lazy\" decoding=\"async\" src=\"https:\/\/www.cepdivin.org\/wp-content\/uploads\/2014\/01\/SAM_2464-565x290.jpg\" height=\"290\" width=\"565\" alt=\"Expression des terroirs \/ Vignerons d\u2019expression : Sylvain Jougla et J\u00e9r\u00e9mie Illouz.\" class=\"slider-1209 slide-2584 msDefaultImage\" \/><img loading=\"lazy\" decoding=\"async\" src=\"https:\/\/www.cepdivin.org\/wp-content\/uploads\/2026\/01\/degustation-litteraire-jerez-bardins-2-565x290.jpg\" height=\"290\" width=\"565\" title=\"degustation litteraire jerez bardins 2\" alt=\"\" class=\"slider-1209 slide-6491 msDefaultImage\" \/><img loading=\"lazy\" decoding=\"async\" src=\"https:\/\/www.cepdivin.org\/wp-content\/uploads\/2017\/10\/degustation-litteraire-20171110-vins-565x290.jpg\" height=\"290\" width=\"565\" title=\"degustation-litteraire-20171110-vins\" alt=\"\" class=\"slider-1209 slide-6497 msDefaultImage\" \/><img loading=\"lazy\" decoding=\"async\" src=\"https:\/\/www.cepdivin.org\/wp-content\/uploads\/2013\/06\/DL-26-01-2013-affiche-565x290.jpg\" height=\"290\" width=\"565\" alt=\"Histoires l\u00e9gumi\u00e8res. D\u00e9gustation litt\u00e9raire, L\" class=\"slider-1209 slide-1230 msDefaultImage\" \/><img loading=\"lazy\" decoding=\"async\" src=\"https:\/\/www.cepdivin.org\/wp-content\/uploads\/2015\/01\/degustation-litteraire-34-10-565x290.jpeg\" height=\"290\" width=\"565\" data-caption=\"&lt;div&gt;D&amp;eacute;gustation litt&amp;eacute;raire. Jean-Yves Bardin, Vignerons d&#039;Anjou.&lt;\/div&gt;\" alt=\"\" class=\"slider-1209 slide-4043 msDefaultImage\" \/><\/div><\/div>\n        \n    <\/div>\n<\/div><\/p>\n<h2 style=\"text-align: justify;\">Pourquoi adh\u00e9rer ?<\/h2>\n<h4 style=\"text-align: justify;\">Vous voulez participer \u00e0 la promotion du vin comme objet culturel et vecteur de civilisation. Vous pouvez soutenir notre association qui ne vit que des dons de ses adh\u00e9rents.<\/h4>\n<h4 style=\"text-align: justify;\">Les adh\u00e9rents \u00e0 jour de leur cotisation sont membres de plein droit de CEPDIVIN, participent \u00e0 la vie de l&#8217;association, \u00e0 ses travaux de recherches, aux manifestations culturelles qu&#8217;elle organise, \u00e0 la vie du site internet.<\/h4>\n<h3>Les avantages imm\u00e9diats :<\/h3>\n<ul style=\"text-align: justify;\">\n<li><span style=\"font-weight: 600;\">Acc\u00e8s libre \u00e0 toutes les ressources<\/span>\u00a0et archives de l&#8217;association (y compris celles qui ont un mot de passe) ;<\/li>\n<li><span style=\"font-family: 'Open Sans', sans-serif; font-size: 15px; line-height: 24.296875px; font-style: normal; font-variant: normal; font-weight: 600;\">Tarif r\u00e9duit (ou gratuit)<\/span><span style=\"font-family: 'Open Sans', sans-serif; font-size: 15px; line-height: 24.296875px; font-style: normal; font-variant: normal;\">\u00a0pour toutes les manifestations organis\u00e9es par l&#8217;association (d\u00e9gustations litt\u00e9raires, sorties, d\u00e9gustations, etc.) ;<\/span><\/li>\n<li><strong>1 exemplaire gratuit du\u00a0<\/strong><em><strong>Vin dans ses Oeuvres<\/strong>,<\/em>\u00a0(actes du colloque de Libourne-Montagne-Saint Emilion 2001) \u00e0 la premi\u00e8re adh\u00e9sion.<\/li>\n<li>Lecture en ligne gratuite (378 pages) du livre num\u00e9rique <em><strong>Jean-Claude Pirotte, le vin des r\u00eaves<\/strong><\/em> \u00a0(seules les 60 premi\u00e8res pages sont en libre acc\u00e8s).<\/li>\n<li>Inscription sur la <strong>liste de diffusion<\/strong> de CEPDIVIN (Lettre d&#8217;information de CEPDIVIN + \u00a0bulletins sp\u00e9ciaux).<\/li>\n<\/ul>\n<h3>Les membres &#8220;actifs&#8221; :<\/h3>\n<ul style=\"text-align: justify;\">\n<li>Peuvent s&#8217;impliquer dans les travaux du Centre de recherches pluridisciplinaires <strong>en proposant des axes <\/strong>ou<strong> des th\u00e8mes d&#8217;\u00e9tude<\/strong> ;<\/li>\n<li><span style=\"text-align: justify;\">Leurs travaux ou publications b\u00e9n\u00e9ficient de tous les moyens de l&#8217;association pour leur publicit\u00e9&#8230;<\/span><\/li>\n<li><span style=\"text-align: justify;\">Peuvent proposer<strong>\u00a0des th\u00e8mes de d\u00e9gustations litt\u00e9raires<\/strong> ou de <strong>visites th\u00e9matiques<\/strong>&#8230;<\/span><\/li>\n<li>Peuvent participer au <strong>comit\u00e9 de pilotage num\u00e9rique<\/strong> et au <strong>comit\u00e9 de r\u00e9daction<\/strong> du blog ;<\/li>\n<li>Sont incit\u00e9s \u00e0 proposer des articles de fond ou d&#8217;actualit\u00e9 et pour cela disposent d&#8217;un identifiant (sur demande) qui leur permet de se connecter et de\u00a0<span style=\"font-weight: 600;\">publier sur le blog<\/span>\u00a0de l&#8217;association.<\/li>\n<\/ul>\n<h2 style=\"text-align: justify;\">Comment adh\u00e9rer ?<\/h2>\n<h4 style=\"text-align: justify;\">Les cotisations vers\u00e9es par\u00a0ses adh\u00e9rents constituent\u00a0la principale source de recettes de l&#8217;association CEPDIVIN. Merci d&#8217;avance !<\/h4>\n<p style=\"text-align: justify;\">Pour adh\u00e9rer, deux possibilit\u00e9s :<\/p>\n<p style=\"text-align: justify;\"><strong>1 &#8211; T\u00e9l\u00e9chargez le bulletin d&#8217;adh\u00e9sion<\/strong> (PDF) ci-dessous et envoyez-le \u00e0 l&#8217;adresse indiqu\u00e9e sur celui-ci avec votre r\u00e8glement. A r\u00e9ception, une attestation d&#8217;adh\u00e9sion vous sera transmise par e-mail ainsi que le mot de passe pour acc\u00e9der \u00e0 l&#8217;espace interne du site.<\/p>\n<iframe src=\"\/\/docs.google.com\/viewer?url=https%3A%2F%2Fwww.cepdivin.org%2Fwp-content%2Fuploads%2F2026%2F01%2Fbulletin-adhesion.pdf&hl=fr&embedded=true\" class=\"gde-frame\" style=\"width:100%; height:500px; border: none;\" scrolling=\"no\"><\/iframe>\n<p class=\"gde-text\"><a href=\"https:\/\/www.cepdivin.org\/wp-content\/uploads\/2026\/01\/bulletin-adhesion.pdf\" class=\"gde-link\">T\u00e9l\u00e9charger (PDF, 169KB)<\/a><\/p>\n<p style=\"text-align: justify;\"><strong>\u00a02 &#8211; <a href=\"https:\/\/www.helloasso.com\/associations\/centre-d-etudes-pluridisciplinaires-des-imaginaires-du-vin-cepdivin\/adhesions\/adhesion-cepdivin-2026\" target=\"_blank\" rel=\"noopener\">Adh\u00e9rer \u00e0 l&#8217;aide du formulaire en ligne<\/a><\/strong> Paiement s\u00e9curis\u00e9 sur\u00a0 <a href=\"https:\/\/www.helloasso.com\/associations\/centre-d-etudes-pluridisciplinaires-des-imaginaires-du-vin-cepdivin\/adhesions\/adhesion-cepdivin-2026\" target=\"_blank\" rel=\"noopener\"><img loading=\"lazy\" decoding=\"async\" class=\"alignnone wp-image-5290 size-full\" src=\"http:\/\/www.cepdivin.org\/wp-content\/uploads\/2013\/05\/helloasso-logo.png\" alt=\"helloasso-logo\" width=\"220\" height=\"51\" \/><\/a><\/p>\n<p><iframe id=\"haWidget\" style=\"width: 100%; border: none;\" src=\"https:\/\/www.helloasso.com\/associations\/centre-d-etudes-pluridisciplinaires-des-imaginaires-du-vin-cepdivin\/adhesions\/adhesion-cepdivin-2026\/widget\"><\/iframe><\/p>\n\n","protected":false},"excerpt":{"rendered":"<p>Pourquoi adh\u00e9rer ? Vous voulez participer \u00e0 la promotion du vin comme objet culturel et vecteur de civilisation. Vous pouvez soutenir notre association qui ne vit que des dons de ses adh\u00e9rents. Les adh\u00e9rents \u00e0 jour de leur cotisation sont membres de plein droit de CEPDIVIN, participent \u00e0 la vie &#8230;<\/p>\n","protected":false},"author":1,"featured_media":0,"parent":301,"menu_order":0,"comment_status":"closed","ping_status":"closed","template":"template-full-width.php","meta":{"footnotes":""},"class_list":["post-908","page","type-page","status-publish","hentry","column","onecol"],"_links":{"self":[{"href":"https:\/\/www.cepdivin.org\/index.php?rest_route=\/wp\/v2\/pages\/908","targetHints":{"allow":["GET"]}}],"collection":[{"href":"https:\/\/www.cepdivin.org\/index.php?rest_route=\/wp\/v2\/pages"}],"about":[{"href":"https:\/\/www.cepdivin.org\/index.php?rest_route=\/wp\/v2\/types\/page"}],"author":[{"embeddable":true,"href":"https:\/\/www.cepdivin.org\/index.php?rest_route=\/wp\/v2\/users\/1"}],"replies":[{"embeddable":true,"href":"https:\/\/www.cepdivin.org\/index.php?rest_route=%2Fwp%2Fv2%2Fcomments&post=908"}],"version-history":[{"count":41,"href":"https:\/\/www.cepdivin.org\/index.php?rest_route=\/wp\/v2\/pages\/908\/revisions"}],"predecessor-version":[{"id":6501,"href":"https:\/\/www.cepdivin.org\/index.php?rest_route=\/wp\/v2\/pages\/908\/revisions\/6501"}],"up":[{"embeddable":true,"href":"https:\/\/www.cepdivin.org\/index.php?rest_route=\/wp\/v2\/pages\/301"}],"wp:attachment":[{"href":"https:\/\/www.cepdivin.org\/index.php?rest_route=%2Fwp%2Fv2%2Fmedia&parent=908"}],"curies":[{"name":"wp","href":"https:\/\/api.w.org\/{rel}","templated":true}]}}