{"id":82,"date":"2013-05-01T15:29:49","date_gmt":"2013-05-01T13:29:49","guid":{"rendered":"http:\/\/www.cepdivin.org\/?page_id=82"},"modified":"2026-01-29T17:06:18","modified_gmt":"2026-01-29T16:06:18","slug":"mentions-legales","status":"publish","type":"page","link":"https:\/\/www.cepdivin.org\/?page_id=82","title":{"rendered":"Mentions l\u00e9gales"},"content":{"rendered":"<h1 style=\"text-align: justify;\">Site internet officiel de CEPDIVIN association<\/h1>\n<p style=\"text-align: justify;\"><img loading=\"lazy\" decoding=\"async\" class=\"alignleft\" style=\"font-family: 'Open Sans', sans-serif; font-size: 15px; line-height: 24.296875px; font-style: normal; font-variant: normal;\" src=\"http:\/\/www.cepdivin.org\/cepdivin.jpg\" alt=\"\" width=\"90\" height=\"113\" \/><\/p>\n<h4 style=\"text-align: justify;\">Cr\u00e9\u00e9 en octobre 2001 (mai 2013 pour le blog), ce site h\u00e9berge les ressources du <strong>Centre d&#8217;Etudes Pluridisciplinaires Des Imaginaires du VIN &#8211; CEPDIVIN<\/strong> : structure associative \u00e0 vocation scientifique, culturelle et p\u00e9dagogique dont le but est l&#8217;\u00e9tude et la valorisation des images et repr\u00e9sentations litt\u00e9raires, artistiques et socioculturelles de la vigne et du vin.<\/h4>\n<h2 style=\"text-align: justify;\">Editeur<\/h2>\n<p style=\"text-align: justify;\"><strong>CEPDIVIN association<\/strong><br \/>\n21 Avenue Pierre Wiehn<br \/>\n33600 PESSAC (France)<\/p>\n<p style=\"text-align: justify;\">CEPDIVIN association loi 1901 est d\u00e9clar\u00e9e \u00e0 la pr\u00e9fecture de la Gironde<br \/>\nSIRET : 451 977 367 00015<\/p>\n<ul style=\"text-align: justify;\">\n<li>Directeur de la publication : Amancio Tenaguillo y Cort\u00e1zar, Pr\u00e9sident.<\/li>\n<li>R\u00e9dacteur en chef : Amancio Tenaguillo y Cort\u00e1zar.<\/li>\n<li>Comit\u00e9 de r\u00e9daction :<\/li>\n<li>Contact\u00a0:\u00a0cepdivin[arobase]cepdivin.org<\/li>\n<\/ul>\n<h2 style=\"text-align: justify;\">Conception et d\u00e9veloppement<\/h2>\n<p style=\"text-align: justify;\">Le site\u00a0<a href=\"http:\/\/www.cepdivin.org\/\" target=\"_blank\" rel=\"noopener\">www.cepdivin.org<\/a> est cr\u00e9\u00e9 sous WordPress<\/p>\n<ul style=\"text-align: justify;\">\n<li>R\u00e9alisation et webmestre : Amancio Tenaguillo y Cort\u00e1zar<\/li>\n<li>Contact\u00a0:<a href=\"mailto:webmaster@cepdivin.org\" target=\"_blank\" rel=\"noopener\">\u00a0<\/a>webmaster[arobase]cepdivin.org<\/li>\n<\/ul>\n<h2 style=\"text-align: justify;\">H\u00e9bergement et nom de domaine<\/h2>\n<p style=\"text-align: justify;\"><strong>Online.net<\/strong><\/p>\n<p style=\"text-align: justify;\"><a href=\"http:\/\/www.online.net\/\" target=\"_blank\" rel=\"noopener\">www.online.net<\/a><\/p>\n<p style=\"text-align: justify;\">Online SAS, BP 438,<br \/>\n75366 Paris CEDEX 08<br \/>\nRCS Paris B 433 115 904 \u2013 TVA intra communautaire : FR 35 433 115\u00a0904<\/p>\n<h3 style=\"text-align: justify;\">Caract\u00e9ristiques techniques\u00a0:<\/h3>\n<ul style=\"text-align: justify;\">\n<li>Le nom de domaine\u00a0<em>cepdivin.org<\/em>\u00a0est la propri\u00e9t\u00e9 de CEPDIVIN association.<\/li>\n<li>Le site\u00a0<a href=\"http:\/\/www.cepdivin.org\/\" target=\"_blank\" rel=\"noopener\">www.cepdivin.org<\/a>\u00a0dispose d\u2019un h\u00e9bergement en offre illimit\u00e9 en PHP5<\/li>\n<li>Bases de donn\u00e9es MySQL\u00a0: 5<\/li>\n<li>Comptes FTP\u00a0: 100<\/li>\n<li>Comptes e-mail\u00a0: illimit\u00e9s<\/li>\n<\/ul>\n<h2 style=\"text-align: justify;\">Droit d\u2019auteur et de reproduction<\/h2>\n<p style=\"text-align: justify;\">Les documents \u00ab\u00a0publics\u00a0\u00bb ou \u00ab\u00a0officiels\u00a0\u00bb ne sont couverts par aucun droit d\u2019auteur (article L.122-5 du code de la propri\u00e9t\u00e9 intellectuelle). Ils peuvent donc \u00eatre reproduits librement. Les informations utilis\u00e9es ne doivent l\u2019\u00eatre qu\u2019\u00e0 des fins personnelles, associatives ou professionnelles\u00a0; toute utilisation ou reproduction \u00e0 des fins commerciales ou publicitaires est interdite.<\/p>\n<p style=\"text-align: justify;\">Conform\u00e9ment aux lois du 01\/07\/1992 sur la propri\u00e9t\u00e9 intellectuelle et le droit d\u2019auteur Fran\u00e7ais, la reproduction des documents non publics, textes, graphismes, photographies et ressources multim\u00e9dias, au moyen d\u2019un support papier ou sous forme \u00e9lectronique est soumise \u00e0 l\u2019accord pr\u00e9alable de leurs auteurs.<\/p>\n<p style=\"text-align: justify;\">Toute demande de reproduction ou d\u2019information peut \u00eatre adress\u00e9e \u00e0 CEPDIVIN association.<\/p>\n<p style=\"text-align: justify;\">Le cas \u00e9chant, toute reproduction autoris\u00e9e &#8211;\u00a0\u00e0 usage strictement personnel ou scientifique et sans but commercial &#8211; sera fid\u00e8le \u00e0 l\u2019original, les citations seront courtes et contextualis\u00e9es, et \u00a0la source\u00a0 clairement pr\u00e9cis\u00e9e.<\/p>\n<p style=\"text-align: justify;\">Toute autre forme de reproduction et de diffusion est interdite, quand bien m\u00eame les mentions &#8220;\u00a9cepdivin.org&#8221; ou &#8220;\u00a9CEPDIVIN&#8221; ne seraient pas express\u00e9ment indiqu\u00e9es.<\/p>\n<p style=\"text-align: justify;\"><span style=\"color: #000000;\">CEPDIVIN laisse aux auteurs l&#8217;enti\u00e8re responsabilit\u00e9 des opinions qu&#8217;ils expriment. Les auteurs doivent v\u00e9rifier que les documents (textes, graphismes, photographies et ressources multim\u00e9dias) qu&#8217;ils utilisent sont libres de droits et dans tous les cas doivent en citer la source.\u00a0Ils n\u2019engagent en aucun cas CEPDIVIN association quant au non respect de cette clause.<\/span><\/p>\n<h4 style=\"text-align: justify;\"><span style=\"color: #000000;\">Conform\u00e9ment \u00e0 l&#8217;article L. 712-2 du code de la propri\u00e9t\u00e9 intellectuelle, <strong>CEPDIVIN<\/strong>, \u00a0<strong>DEGUSTATION LITTERAIRE<\/strong>, <strong>LES IMAGINAIRES DU VIN<\/strong>\u00a0sont des\u00a0<strong>noms de marques d\u00e9pos\u00e9es<\/strong>\u00a0aupr\u00e8s de l&#8217;INPI (Institut National de la Propri\u00e9t\u00e9 Intellectuelle).<\/span><\/h4>\n<h2 style=\"text-align: justify;\">Liens vers d\u2019autres sites<\/h2>\n<p style=\"text-align: justify;\">Des liens vers d\u2019autres sites, priv\u00e9s ou officiels, fran\u00e7ais ou \u00e9trangers, sont propos\u00e9s.<\/p>\n<p style=\"text-align: justify;\">Ils n\u2019engagent en aucun cas CEPDIVIN association quant \u00e0 leur contenu et ne visent qu\u2019\u00e0 permettre \u00e0 l\u2019internaute d\u2019acc\u00e9der plus facilement \u00e0 d\u2019autres ressources documentaires sur le sujet consult\u00e9.<\/p>\n<p style=\"text-align: justify;\">La cr\u00e9ation de liens vers les sites du R\u00e9seau CEPDIVIN autorise la mise en place de liens hypertextes pointant vers ses pages, sous r\u00e9serve\u00a0:<\/p>\n<ul>\n<li>de ne pas utiliser la technique du lien profond, c\u2019est-\u00e0-dire que les pages du site ne doivent pas \u00eatre imbriqu\u00e9es \u00e0 l\u2019int\u00e9rieur des pages d\u2019un autre site, mais visibles par l\u2019ouverture d\u2019une fen\u00eatre ind\u00e9pendante\u00a0;<\/li>\n<li><span style=\"text-align: justify;\">que la source qui pointera gr\u00e2ce \u00e0 un lien hypertexte directement sur le contenu vis\u00e9 soit pr\u00e9cis\u00e9e\u00a0;<\/span><\/li>\n<li>que les informations utilis\u00e9es ne le soient qu\u2019\u00e0 des fins personnelles, \u00e9ducatives, associatives ou professionnelles, toute utilisation \u00e0 des fins commerciales ou publicitaires \u00e9tant interdite.<\/li>\n<\/ul>\n<p style=\"text-align: justify;\">Cette autorisation ne s\u2019applique en aucun cas aux sites internet diffusant des informations \u00e0 caract\u00e8re raciste, pornographique, x\u00e9nophobe, pol\u00e9mique ou pouvant, d\u2019une fa\u00e7on g\u00e9n\u00e9rale, porter atteinte \u00e0 la sensibilit\u00e9 du plus grand nombre.<\/p>\n<h2 style=\"text-align: justify;\">Informatique et libert\u00e9s<\/h2>\n<h3 style=\"text-align: justify;\">Protection des donn\u00e9es personnelles<\/h3>\n<p style=\"text-align: justify;\">Aucune information personnelle n\u2019est collect\u00e9e \u00e0 votre insu.<\/p>\n<p style=\"text-align: justify;\">Aucune information personnelle n\u2019est c\u00e9d\u00e9e \u00e0 des tiers.<\/p>\n<p style=\"text-align: justify;\">Conform\u00e9ment aux articles 39 et suivants de la loi n\u00b0 78-17 du 6 janvier 1978 relative \u00e0 l\u2019informatique, aux fichiers et aux libert\u00e9s, toute personne peut obtenir communication et, le cas \u00e9ch\u00e9ant, rectification ou suppression des informations la concernant, en s\u2019adressant \u00e0\u00a0:\u00a0<em>CEPDIVIN association 10, rue Paul Laffargue<\/em><em>, 33400 Talence.<\/em>\u00a0E-mail\u00a0:\u00a0cepdivin[arobase]cepdivin.org<\/p>\n<p style=\"text-align: justify;\">Toute personne peut \u00e9galement, pour des motifs l\u00e9gitimes, s\u2019opposer au traitement des donn\u00e9es la concernant.<\/p>\n<h3 style=\"text-align: justify;\">Donn\u00e9es statistiques<\/h3>\n<p style=\"text-align: justify;\">Afin de mieux conna\u00eetre les centres d\u2019int\u00e9r\u00eat des visiteurs du site et en vue de son am\u00e9lioration, nous pouvons \u00eatre amen\u00e9s \u00e0 mesurer le nombre de visites, de pages vues, ainsi que l\u2019activit\u00e9 des visiteurs sur le site, et leur fr\u00e9quence de retour. A cet effet, la technologie des cookies peut \u00eatre utilis\u00e9e. Il vous est possible de refuser ces \u00ab\u00a0cookies\u00a0\u00bb ou de les supprimer sans que cela ait une quelconque influence sur votre acc\u00e8s aux pages du site. Pour vous opposer \u00e0 l\u2019enregistrement de cookies ou \u00eatre pr\u00e9venu avant d\u2019accepter les cookies, nous vous recommandons la lecture de la rubrique d\u2019aide de votre navigateur qui vous pr\u00e9cisera la marche \u00e0 suivre.<\/p>\n<p style=\"text-align: justify;\">Par ailleurs, CEPDIVIN association peut proc\u00e9der \u00e9galement \u00e0 l\u2019analyse de la fr\u00e9quentation du site \u00e0 partir de l\u2019exploitation des donn\u00e9es de connexion. Les adresses IP relatives aux consultations effectu\u00e9es ne sont pas conserv\u00e9es au-del\u00e0 de 12 mois.<\/p>\n<h3 style=\"text-align: justify;\">Conditions d\u2019utilisation du site<\/h3>\n<p style=\"text-align: justify;\">L\u2019utilisateur de ce site reconna\u00eet disposer de la comp\u00e9tence et des moyens n\u00e9cessaires pour acc\u00e9der \u00e0 ce site et l\u2019utiliser. Il est invit\u00e9 \u00e0 respecter les bons usages de l\u2019internet, en particulier, dans l\u2019utilisation des adresses \u00e9lectroniques figurant sur le site. Il est rappel\u00e9 que l\u2019article 26 de la loi du 6 janvier 1978 \u00ab\u00a0Informatique et libert\u00e9s\u00a0\u00bb prohibe toute collecte massive de ces adresses, \u00e0 l\u2019insu de leurs d\u00e9tenteurs, pour proc\u00e9der \u00e0 l\u2019envoi massif de messages non d\u00e9sir\u00e9s, quel que soit l\u2019objet des messages diffus\u00e9s. En application de l\u2019article 16 de cette loi, sont \u00e9galement interdites la constitution de syst\u00e8mes d\u2019envoi automatis\u00e9 de messages, la cr\u00e9ation de bases de donn\u00e9es r\u00e9unissant les adresses \u00e9lectroniques de personnes pouvant figurer sur le site et la mise en place de traitements automatis\u00e9s d\u2019informations nominatives les concernant qui n\u2019auraient pas fait l\u2019objet d\u2019une d\u00e9claration pr\u00e9alable \u00e0 la CNIL.<\/p>\n","protected":false},"excerpt":{"rendered":"<p>Site internet officiel de CEPDIVIN association Cr\u00e9\u00e9 en octobre 2001 (mai 2013 pour le blog), ce site h\u00e9berge les ressources du Centre d&#8217;Etudes Pluridisciplinaires Des Imaginaires du VIN &#8211; CEPDIVIN : structure associative \u00e0 vocation scientifique, culturelle et p\u00e9dagogique dont le but est l&#8217;\u00e9tude et la valorisation des images et &#8230;<\/p>\n","protected":false},"author":1,"featured_media":0,"parent":0,"menu_order":0,"comment_status":"closed","ping_status":"closed","template":"template-landing-page.php","meta":{"footnotes":""},"class_list":["post-82","page","type-page","status-publish","hentry","column","onecol"],"_links":{"self":[{"href":"https:\/\/www.cepdivin.org\/index.php?rest_route=\/wp\/v2\/pages\/82","targetHints":{"allow":["GET"]}}],"collection":[{"href":"https:\/\/www.cepdivin.org\/index.php?rest_route=\/wp\/v2\/pages"}],"about":[{"href":"https:\/\/www.cepdivin.org\/index.php?rest_route=\/wp\/v2\/types\/page"}],"author":[{"embeddable":true,"href":"https:\/\/www.cepdivin.org\/index.php?rest_route=\/wp\/v2\/users\/1"}],"replies":[{"embeddable":true,"href":"https:\/\/www.cepdivin.org\/index.php?rest_route=%2Fwp%2Fv2%2Fcomments&post=82"}],"version-history":[{"count":21,"href":"https:\/\/www.cepdivin.org\/index.php?rest_route=\/wp\/v2\/pages\/82\/revisions"}],"predecessor-version":[{"id":6440,"href":"https:\/\/www.cepdivin.org\/index.php?rest_route=\/wp\/v2\/pages\/82\/revisions\/6440"}],"wp:attachment":[{"href":"https:\/\/www.cepdivin.org\/index.php?rest_route=%2Fwp%2Fv2%2Fmedia&parent=82"}],"curies":[{"name":"wp","href":"https:\/\/api.w.org\/{rel}","templated":true}]}}