{"id":423,"date":"2013-05-04T21:06:02","date_gmt":"2013-05-04T19:06:02","guid":{"rendered":"http:\/\/www.cepdivin.org\/?page_id=423"},"modified":"2013-05-14T00:20:44","modified_gmt":"2013-05-13T22:20:44","slug":"articles","status":"publish","type":"page","link":"https:\/\/www.cepdivin.org\/?page_id=423","title":{"rendered":"Articles en ligne"},"content":{"rendered":"<h2>Vin, Culture &amp; Soci\u00e9t\u00e9: articles, conf\u00e9rences, dossiers&#8230; en ligne <a href=\"http:\/\/www.cepdivin.org\/?cat=49\">sur cepdivin.org<\/a> ou ailleurs<\/h2>\n<p><iframe loading=\"lazy\" src=\"http:\/\/www.scoop.it\/t\/vin-culture-societe\/js?format=rect&amp;numberOfPosts=10&amp;title=Vin%2C+Culture+%26+Soci%C3%A9t%C3%A9&amp;speed=3&amp;mode=normal&amp;width=620\" height=\"200\" width=\"620\" frameborder=\"0\" scrolling=\"no\" align=\"middle\"><\/iframe><\/p>\n","protected":false},"excerpt":{"rendered":"<p>Vin, Culture &amp; Soci\u00e9t\u00e9: articles, conf\u00e9rences, dossiers&#8230; en ligne sur cepdivin.org ou ailleurs<\/p>\n","protected":false},"author":1,"featured_media":0,"parent":251,"menu_order":0,"comment_status":"closed","ping_status":"closed","template":"template-full-width.php","meta":{"footnotes":""},"class_list":["post-423","page","type-page","status-publish","hentry","column","onecol"],"_links":{"self":[{"href":"https:\/\/www.cepdivin.org\/index.php?rest_route=\/wp\/v2\/pages\/423","targetHints":{"allow":["GET"]}}],"collection":[{"href":"https:\/\/www.cepdivin.org\/index.php?rest_route=\/wp\/v2\/pages"}],"about":[{"href":"https:\/\/www.cepdivin.org\/index.php?rest_route=\/wp\/v2\/types\/page"}],"author":[{"embeddable":true,"href":"https:\/\/www.cepdivin.org\/index.php?rest_route=\/wp\/v2\/users\/1"}],"replies":[{"embeddable":true,"href":"https:\/\/www.cepdivin.org\/index.php?rest_route=%2Fwp%2Fv2%2Fcomments&post=423"}],"version-history":[{"count":9,"href":"https:\/\/www.cepdivin.org\/index.php?rest_route=\/wp\/v2\/pages\/423\/revisions"}],"predecessor-version":[{"id":441,"href":"https:\/\/www.cepdivin.org\/index.php?rest_route=\/wp\/v2\/pages\/423\/revisions\/441"}],"up":[{"embeddable":true,"href":"https:\/\/www.cepdivin.org\/index.php?rest_route=\/wp\/v2\/pages\/251"}],"wp:attachment":[{"href":"https:\/\/www.cepdivin.org\/index.php?rest_route=%2Fwp%2Fv2%2Fmedia&parent=423"}],"curies":[{"name":"wp","href":"https:\/\/api.w.org\/{rel}","templated":true}]}}