{"id":313,"date":"2013-05-02T10:43:20","date_gmt":"2013-05-02T08:43:20","guid":{"rendered":"http:\/\/www.cepdivin.org\/?page_id=313"},"modified":"2026-01-31T18:23:45","modified_gmt":"2026-01-31T17:23:45","slug":"degustations-litteraires","status":"publish","type":"page","link":"https:\/\/www.cepdivin.org\/?page_id=313","title":{"rendered":"D\u00e9gustations litt\u00e9raires"},"content":{"rendered":"<p style=\"text-align: center;\"><div id=\"metaslider-id-1209\" style=\"max-width: 565px; margin: 0 auto;\" class=\"ml-slider-3-106-0 metaslider metaslider-nivo metaslider-1209 ml-slider ms-theme-default\" role=\"region\" aria-label=\"Diaporama g\u00e9n\u00e9ral\" data-height=\"290\" data-width=\"565\">\n    <div id=\"metaslider_container_1209\">\n        <div class='slider-wrapper theme-default'><div class='ribbon'><\/div><div id='metaslider_1209' class='nivoSlider'><img loading=\"lazy\" decoding=\"async\" src=\"https:\/\/www.cepdivin.org\/wp-content\/uploads\/2013\/07\/DL-04-11-2009-565x290.jpg\" height=\"290\" width=\"565\" alt=\"\" class=\"slider-1209 slide-1493 msDefaultImage\" \/><img loading=\"lazy\" decoding=\"async\" src=\"https:\/\/www.cepdivin.org\/wp-content\/uploads\/2014\/05\/des-bordeaux-a-part-565x290.jpg\" height=\"290\" width=\"565\" alt=\"\" class=\"slider-1209 slide-3075 msDefaultImage\" \/><img loading=\"lazy\" decoding=\"async\" src=\"https:\/\/www.cepdivin.org\/wp-content\/uploads\/2013\/06\/DL-13-12-2005-vins-565x290.jpg\" height=\"290\" width=\"565\" alt=\"\" class=\"slider-1209 slide-1236 msDefaultImage\" \/><img loading=\"lazy\" decoding=\"async\" src=\"https:\/\/www.cepdivin.org\/wp-content\/uploads\/2013\/06\/ATC-565x290.jpg\" height=\"290\" width=\"565\" alt=\"\" class=\"slider-1209 slide-1324 msDefaultImage\" \/><img loading=\"lazy\" decoding=\"async\" src=\"https:\/\/www.cepdivin.org\/wp-content\/uploads\/2013\/06\/Georges-Ferr\u00e91-565x290.jpg\" height=\"290\" width=\"565\" alt=\"\" class=\"slider-1209 slide-1490 msDefaultImage\" \/><img loading=\"lazy\" decoding=\"async\" src=\"https:\/\/www.cepdivin.org\/wp-content\/uploads\/2013\/06\/DL-26-01-2013-565x290.jpg\" height=\"290\" width=\"565\" alt=\"Astrid Bouygues, S\u00e9gol\u00e8ne Lef\u00e8vre, Gabriel Saad : Histoires l\u00e9gumi\u00e8res. d\u00e9gustation litt\u00e9raire, L\" class=\"slider-1209 slide-1228 msDefaultImage\" \/><img loading=\"lazy\" decoding=\"async\" src=\"https:\/\/www.cepdivin.org\/wp-content\/uploads\/2016\/08\/club-cepdivin-degustation-2016-09-03-565x290.jpg\" height=\"290\" width=\"565\" alt=\"\" class=\"slider-1209 slide-5248 msDefaultImage\" \/><img loading=\"lazy\" decoding=\"async\" src=\"https:\/\/www.cepdivin.org\/wp-content\/uploads\/2013\/06\/DL-19-11-2010-vins-565x290.jpg\" height=\"290\" width=\"565\" alt=\"\" class=\"slider-1209 slide-1237 msDefaultImage\" \/><img loading=\"lazy\" decoding=\"async\" src=\"https:\/\/www.cepdivin.org\/wp-content\/uploads\/2013\/07\/Chateau-Filhot-10-12-2011-2-565x290.jpg\" height=\"290\" width=\"565\" alt=\"\" class=\"slider-1209 slide-1499 msDefaultImage\" \/><img loading=\"lazy\" decoding=\"async\" src=\"https:\/\/www.cepdivin.org\/wp-content\/uploads\/2013\/06\/DL-26-01-2013-affiche-565x290.jpg\" height=\"290\" width=\"565\" alt=\"Histoires l\u00e9gumi\u00e8res. D\u00e9gustation litt\u00e9raire, L\" class=\"slider-1209 slide-1230 msDefaultImage\" \/><img loading=\"lazy\" decoding=\"async\" src=\"https:\/\/www.cepdivin.org\/wp-content\/uploads\/2014\/06\/degustation-litteraire-2014-06-20-vins-565x290.jpg\" height=\"290\" width=\"565\" alt=\"\" class=\"slider-1209 slide-3266 msDefaultImage\" \/><img loading=\"lazy\" decoding=\"async\" src=\"https:\/\/www.cepdivin.org\/wp-content\/uploads\/2014\/05\/Azelina-Jaboulet-Vercherre-Florilege-565x290.jpg\" height=\"290\" width=\"565\" alt=\"Az\u00e9lina Jaboulet-Vercherre : Floril\u00e8ge de discours savants sur le vin.\" class=\"slider-1209 slide-3044 msDefaultImage\" \/><img loading=\"lazy\" decoding=\"async\" src=\"https:\/\/www.cepdivin.org\/wp-content\/uploads\/2013\/07\/voyage_aux_pays_du_vin-400x205.jpg\" height=\"290\" width=\"565\" alt=\"\" class=\"slider-1209 slide-1498 msDefaultImage\" \/><img loading=\"lazy\" decoding=\"async\" src=\"https:\/\/www.cepdivin.org\/wp-content\/uploads\/2026\/01\/degustation-litteraire-jerez-bardins-affiche-565x290.jpg\" height=\"290\" width=\"565\" title=\"degustation litteraire jerez bardins affiche\" alt=\"\" class=\"slider-1209 slide-6494 msDefaultImage\" \/><img loading=\"lazy\" decoding=\"async\" src=\"https:\/\/www.cepdivin.org\/wp-content\/uploads\/2026\/01\/Degustaion-litteraire-Jerez-Quvee-3-565x290.jpg\" height=\"290\" width=\"565\" title=\"Degustaion litteraire Jerez Quvee 3\" alt=\"\" class=\"slider-1209 slide-6490 msDefaultImage\" \/><img loading=\"lazy\" decoding=\"async\" src=\"https:\/\/www.cepdivin.org\/wp-content\/uploads\/2013\/06\/010-565x290.jpg\" height=\"290\" width=\"565\" alt=\"Anne-Marie Royer Pantin : La rose et le vin, Esth\u00e9tique du vin. D\u00e9gustation litt\u00e9raire, La Machine \u00e0 Lire, 14\/02\/2008.\" class=\"slider-1209 slide-1227 msDefaultImage\" \/><img loading=\"lazy\" decoding=\"async\" src=\"https:\/\/www.cepdivin.org\/wp-content\/uploads\/2013\/06\/DL-07-12-2012-565x290.jpg\" height=\"290\" width=\"565\" alt=\"Yves Charnet, le po\u00e8te torero : (auto)portraits en artiste romantique. D\u00e9gustation litt\u00e9raire, Ecomus\u00e9e de la vigne et du vin, Gradignan, 07\/12\/2012.\" class=\"slider-1209 slide-1233 msDefaultImage\" \/><img loading=\"lazy\" decoding=\"async\" src=\"https:\/\/www.cepdivin.org\/wp-content\/uploads\/2013\/06\/DL-06-04-2012-565x290.jpg\" height=\"290\" width=\"565\" alt=\"Balada flamenca: Jean-Louis Duzert, Ludovic Pautier &amp; Tony Hernandez. d\u00e9gustation litt\u00e9raire, Ch\u00e2teau Bardins, 06\/04\/2012.\" class=\"slider-1209 slide-1231 msDefaultImage\" \/><img loading=\"lazy\" decoding=\"async\" src=\"https:\/\/www.cepdivin.org\/wp-content\/uploads\/2017\/02\/club-cepdivin-degustation-2017-03-18-565x290.jpg\" height=\"290\" width=\"565\" alt=\"\" class=\"slider-1209 slide-5772 msDefaultImage\" \/><img loading=\"lazy\" decoding=\"async\" src=\"https:\/\/www.cepdivin.org\/wp-content\/uploads\/2013\/06\/Armagnac-565x290.jpg\" height=\"290\" width=\"565\" alt=\"Armagnac : La flamme et la patience. D\u00e9gustation litt\u00e9raire, Ch\u00e2teau Bardins, 03\/04\/2009.\" class=\"slider-1209 slide-1217 msDefaultImage\" \/><img loading=\"lazy\" decoding=\"async\" src=\"https:\/\/www.cepdivin.org\/wp-content\/uploads\/2017\/10\/la-champagne-vagabonde-degustation-litteraire-2017-11-10_1-565x290.jpg\" height=\"290\" width=\"565\" title=\"la-champagne-vagabonde-degustation-litteraire-2017-11-10_1\" alt=\"\" class=\"slider-1209 slide-6495 msDefaultImage\" \/><img loading=\"lazy\" decoding=\"async\" src=\"https:\/\/www.cepdivin.org\/wp-content\/uploads\/2013\/07\/Chateau-Filhot-10-12-2011-4-565x290.jpg\" height=\"290\" width=\"565\" alt=\"\" class=\"slider-1209 slide-1501 msDefaultImage\" \/><img loading=\"lazy\" decoding=\"async\" src=\"https:\/\/www.cepdivin.org\/wp-content\/uploads\/2017\/10\/degustation-litteraire-20171110-vins-565x290.jpg\" height=\"290\" width=\"565\" data-caption=\"&lt;div&gt;La Champagne vagabonde, vineuse et litt&amp;eacute;raire&lt;\/div&gt;\" alt=\"\" class=\"slider-1209 slide-6119 msDefaultImage\" \/><img loading=\"lazy\" decoding=\"async\" src=\"https:\/\/www.cepdivin.org\/wp-content\/uploads\/2017\/10\/degustation-litteraire-20171110-vins-565x290.jpg\" height=\"290\" width=\"565\" title=\"degustation-litteraire-20171110-vins\" alt=\"\" class=\"slider-1209 slide-6497 msDefaultImage\" \/><img loading=\"lazy\" decoding=\"async\" src=\"https:\/\/www.cepdivin.org\/wp-content\/uploads\/2013\/05\/Ch\u00e2teau-dArsac-360x185.jpg\" height=\"290\" width=\"565\" alt=\"\" class=\"slider-1209 slide-1060 msDefaultImage\" \/><img loading=\"lazy\" decoding=\"async\" src=\"https:\/\/www.cepdivin.org\/wp-content\/uploads\/2026\/01\/degustation-litteraire-jerez-bardins-3-565x290.jpg\" height=\"290\" width=\"565\" title=\"degustation litteraire jerez bardins 3\" alt=\"\" class=\"slider-1209 slide-6492 msDefaultImage\" \/><img loading=\"lazy\" decoding=\"async\" src=\"https:\/\/www.cepdivin.org\/wp-content\/uploads\/2013\/06\/D\u00e9gustation-litt\u00e9raire-Ch\u00e2teau-Dillon-e1390669049114-565x290.jpg\" height=\"290\" width=\"565\" alt=\"Marc Heimermann : D\u00e9gustations spirituelles dans les vignes d\" class=\"slider-1209 slide-1218 msDefaultImage\" \/><img loading=\"lazy\" decoding=\"async\" src=\"https:\/\/www.cepdivin.org\/wp-content\/uploads\/2013\/06\/DL-06-04-20121-565x290.jpg\" height=\"290\" width=\"565\" alt=\"Balada flamenca: Jean-Louis Duzert, Ludovic Pautier &amp; Tony Hernandez. d\u00e9gustation litt\u00e9raire, Ch\u00e2teau Bardins, 06\/04\/2012.\" class=\"slider-1209 slide-1232 msDefaultImage\" \/><img loading=\"lazy\" decoding=\"async\" src=\"https:\/\/www.cepdivin.org\/wp-content\/uploads\/2017\/09\/chateau-bardins-565x290.jpg\" height=\"290\" width=\"565\" title=\"chateau-bardins\" alt=\"\" class=\"slider-1209 slide-6496 msDefaultImage\" \/><img loading=\"lazy\" decoding=\"async\" src=\"https:\/\/www.cepdivin.org\/wp-content\/uploads\/2013\/07\/Domaine-Bordenave-565x290.jpg\" height=\"290\" width=\"565\" alt=\"\" class=\"slider-1209 slide-1492 msDefaultImage\" \/><img loading=\"lazy\" decoding=\"async\" src=\"https:\/\/www.cepdivin.org\/wp-content\/uploads\/2013\/06\/0004b1-565x290.jpg\" height=\"290\" width=\"565\" alt=\"Autant en emporte le vin : Fran\u00e7ois Vignes &amp; Claude Andrzejewski. D\u00e9gustation litt\u00e9raire, La Machine \u00e0 Lire, 25\/03\/2006.\" class=\"slider-1209 slide-1226 msDefaultImage\" \/><img loading=\"lazy\" decoding=\"async\" src=\"https:\/\/www.cepdivin.org\/wp-content\/uploads\/2013\/06\/DL-14-02-20081-426x218.jpg\" height=\"290\" width=\"565\" alt=\"\" class=\"slider-1209 slide-1316 msDefaultImage\" \/><img loading=\"lazy\" decoding=\"async\" src=\"https:\/\/www.cepdivin.org\/wp-content\/uploads\/2013\/06\/DL-21-01-2011-565x290.jpg\" height=\"290\" width=\"565\" alt=\"\" class=\"slider-1209 slide-1491 msDefaultImage\" \/><img loading=\"lazy\" decoding=\"async\" src=\"https:\/\/www.cepdivin.org\/wp-content\/uploads\/2013\/06\/DL30nov5-565x290.jpg\" height=\"290\" width=\"565\" alt=\"Collectif, Le Vin dans ses \u0152uvres. D\u00e9gustation litt\u00e9raire, La Machine \u00e0 Lire, 30\/11\/2004.\" class=\"slider-1209 slide-1219 msDefaultImage\" \/><img loading=\"lazy\" decoding=\"async\" src=\"https:\/\/www.cepdivin.org\/wp-content\/uploads\/2013\/06\/Ch\u00e2teau-Bardins-565x290.jpg\" height=\"290\" width=\"565\" data-caption=\"&lt;div&gt;Ch&amp;acirc;teau Bardins&lt;\/div&gt;\" alt=\"Ch\u00e2teau Bardins\" class=\"slider-1209 slide-1211 msDefaultImage\" \/><img loading=\"lazy\" decoding=\"async\" src=\"https:\/\/www.cepdivin.org\/wp-content\/uploads\/2013\/05\/Munic\u00edpio-de-Sabrosa-Media-Not\u00edcias-Cultura-SABROSA-PROMOVE-VINHOS-EM-PA\u00cdS-E-TERRA-DE-VINHOS-528x271.png\" height=\"290\" width=\"565\" alt=\"Sabrosa promove vinhos em pa\u00eds e terra de vinhos, Sabrosa municipio, 24\/11\/2010.\" class=\"slider-1209 slide-1135 msDefaultImage\" \/><img loading=\"lazy\" decoding=\"async\" src=\"https:\/\/www.cepdivin.org\/wp-content\/uploads\/2013\/07\/DL-14-02-2008-565x290.jpg\" height=\"290\" width=\"565\" alt=\"\" class=\"slider-1209 slide-1495 msDefaultImage\" \/><img loading=\"lazy\" decoding=\"async\" src=\"https:\/\/www.cepdivin.org\/wp-content\/uploads\/2013\/06\/DL-08-12-2007-2-565x290.jpg\" height=\"290\" width=\"565\" alt=\"\" class=\"slider-1209 slide-1485 msDefaultImage\" \/><img loading=\"lazy\" decoding=\"async\" src=\"https:\/\/www.cepdivin.org\/wp-content\/uploads\/2013\/06\/DL-10-06-2004-565x290.jpg\" height=\"290\" width=\"565\" alt=\"\" class=\"slider-1209 slide-1314 msDefaultImage\" \/><img loading=\"lazy\" decoding=\"async\" src=\"https:\/\/www.cepdivin.org\/wp-content\/uploads\/2013\/06\/DL-14-12-2007-565x290.jpg\" height=\"290\" width=\"565\" alt=\"\" class=\"slider-1209 slide-1317 msDefaultImage\" \/><img loading=\"lazy\" decoding=\"async\" src=\"https:\/\/www.cepdivin.org\/wp-content\/uploads\/2013\/07\/tagaoc502-565x290.jpg\" height=\"290\" width=\"565\" alt=\"\" class=\"slider-1209 slide-1497 msDefaultImage\" \/><img loading=\"lazy\" decoding=\"async\" src=\"https:\/\/www.cepdivin.org\/wp-content\/uploads\/2015\/10\/2015-10-15-club-cepdivin-degustation-bandeau-565x290.jpg\" height=\"290\" width=\"565\" alt=\"\" class=\"slider-1209 slide-4987 msDefaultImage\" \/><img loading=\"lazy\" decoding=\"async\" src=\"https:\/\/www.cepdivin.org\/wp-content\/uploads\/2013\/06\/DL-29-01-2005-565x290.jpg\" height=\"290\" width=\"565\" alt=\"\" class=\"slider-1209 slide-1489 msDefaultImage\" \/><img loading=\"lazy\" decoding=\"async\" src=\"https:\/\/www.cepdivin.org\/wp-content\/uploads\/2014\/01\/Expression-des-terroirs-2013-01-17-3-565x290.jpg\" height=\"290\" width=\"565\" alt=\"\" class=\"slider-1209 slide-2595 msDefaultImage\" \/><img loading=\"lazy\" decoding=\"async\" src=\"https:\/\/www.cepdivin.org\/wp-content\/uploads\/2013\/06\/Philippe-Margot-565x290.jpg\" height=\"290\" width=\"565\" alt=\"\" class=\"slider-1209 slide-1326 msDefaultImage\" \/><img loading=\"lazy\" decoding=\"async\" src=\"https:\/\/www.cepdivin.org\/wp-content\/uploads\/2013\/06\/DL-27-01-2007-565x290.jpg\" height=\"290\" width=\"565\" alt=\"\" class=\"slider-1209 slide-1488 msDefaultImage\" \/><img loading=\"lazy\" decoding=\"async\" src=\"https:\/\/www.cepdivin.org\/wp-content\/uploads\/2013\/07\/Chateau-Filhot-10-12-2011-565x290.jpg\" height=\"290\" width=\"565\" alt=\"\" class=\"slider-1209 slide-1502 msDefaultImage\" \/><img loading=\"lazy\" decoding=\"async\" src=\"https:\/\/www.cepdivin.org\/wp-content\/uploads\/2026\/01\/Degustaion-litteraire-Jerez-Quvee-2-565x290.jpg\" height=\"290\" width=\"565\" title=\"Degustaion litteraire Jerez Quvee 2\" alt=\"\" class=\"slider-1209 slide-6493 msDefaultImage\" \/><img loading=\"lazy\" decoding=\"async\" src=\"https:\/\/www.cepdivin.org\/wp-content\/uploads\/2013\/06\/DL-19-06-2007-565x290.jpg\" height=\"290\" width=\"565\" alt=\"\" class=\"slider-1209 slide-1487 msDefaultImage\" \/><img loading=\"lazy\" decoding=\"async\" src=\"https:\/\/www.cepdivin.org\/wp-content\/uploads\/2013\/06\/Dali-565x290.jpg\" height=\"290\" width=\"565\" alt=\"Bernard Lafargue et Amancio Tenaguillo y Cort\u00e1zar : &quot;De Goya \u00e0 Dali, les caprices de Dionysos&quot;. D\u00e9gustation litt\u00e9raire, Cellier des Chartrons, 13\/11\/2009.\" class=\"slider-1209 slide-1216 msDefaultImage\" \/><img loading=\"lazy\" decoding=\"async\" src=\"https:\/\/www.cepdivin.org\/wp-content\/uploads\/2013\/06\/DL-24-11-2005-\u00e9tiquettes-565x290.jpg\" height=\"290\" width=\"565\" alt=\"\" class=\"slider-1209 slide-1234 msDefaultImage\" \/><img loading=\"lazy\" decoding=\"async\" src=\"https:\/\/www.cepdivin.org\/wp-content\/uploads\/2013\/06\/LEnvers-du-D\u00e9cor-448x229.jpg\" height=\"290\" width=\"565\" alt=\"\" class=\"slider-1209 slide-1325 msDefaultImage\" \/><img loading=\"lazy\" decoding=\"async\" src=\"https:\/\/www.cepdivin.org\/wp-content\/uploads\/2013\/06\/003-565x290.jpg\" height=\"290\" width=\"565\" alt=\"Patrice Bersac : Le vignoble francilien, histoire d\" class=\"slider-1209 slide-1223 msDefaultImage\" \/><img loading=\"lazy\" decoding=\"async\" src=\"https:\/\/www.cepdivin.org\/wp-content\/uploads\/2026\/01\/degustation-litteraire-jerez-bardins-5-565x290.jpg\" height=\"290\" width=\"565\" title=\"degustation litteraire jerez bardins 5\" alt=\"\" class=\"slider-1209 slide-6498 msDefaultImage\" \/><img loading=\"lazy\" decoding=\"async\" src=\"https:\/\/www.cepdivin.org\/wp-content\/uploads\/2013\/07\/DL-14-02-2008-2-565x290.jpg\" height=\"290\" width=\"565\" alt=\"\" class=\"slider-1209 slide-1496 msDefaultImage\" \/><img loading=\"lazy\" decoding=\"async\" src=\"https:\/\/www.cepdivin.org\/wp-content\/uploads\/2013\/06\/Dali-2-565x290.jpg\" height=\"290\" width=\"565\" alt=\"Amancio Tenaguillo y Cort\u00e1zar &amp; G\u00e9rald Mazaud : De Rabelais \u00e0 Dali : dr\u00f4leries, grotesques &amp; caprices. D\u00e9gustation litt\u00e9raire, Cellier des Chartrons, 20\/11\/2009.\" class=\"slider-1209 slide-1215 msDefaultImage\" \/><img loading=\"lazy\" decoding=\"async\" src=\"https:\/\/www.cepdivin.org\/wp-content\/uploads\/2013\/05\/timbre_pasteur-565x290.jpg\" height=\"290\" width=\"565\" alt=\"\" class=\"slider-1209 slide-1077 msDefaultImage\" \/><img loading=\"lazy\" decoding=\"async\" src=\"https:\/\/www.cepdivin.org\/wp-content\/uploads\/2014\/12\/degustation-litteraire-jean-yves-bardin-565x290.jpg\" height=\"290\" width=\"565\" alt=\"\" class=\"slider-1209 slide-3940 msDefaultImage\" \/><img loading=\"lazy\" decoding=\"async\" src=\"https:\/\/www.cepdivin.org\/wp-content\/uploads\/2013\/06\/DL-08-12-2007-565x290.jpg\" height=\"290\" width=\"565\" alt=\"\" class=\"slider-1209 slide-1486 msDefaultImage\" \/><img loading=\"lazy\" decoding=\"async\" src=\"https:\/\/www.cepdivin.org\/wp-content\/uploads\/2013\/07\/DL-04-11-2009-2-565x290.jpg\" height=\"290\" width=\"565\" alt=\"\" class=\"slider-1209 slide-1494 msDefaultImage\" \/><img loading=\"lazy\" decoding=\"async\" src=\"https:\/\/www.cepdivin.org\/wp-content\/uploads\/2014\/05\/ag-2014-06-26-1-565x290.jpg\" height=\"290\" width=\"565\" alt=\"\" class=\"slider-1209 slide-3315 msDefaultImage\" \/><img loading=\"lazy\" decoding=\"async\" src=\"https:\/\/www.cepdivin.org\/wp-content\/uploads\/2013\/07\/Chateau-Filhot-10-12-2011-3-565x290.jpg\" height=\"290\" width=\"565\" alt=\"\" class=\"slider-1209 slide-1500 msDefaultImage\" \/><img loading=\"lazy\" decoding=\"async\" src=\"https:\/\/www.cepdivin.org\/wp-content\/uploads\/2013\/06\/DL-07-04-2004-vins-565x290.jpg\" height=\"290\" width=\"565\" alt=\"\" class=\"slider-1209 slide-1235 msDefaultImage\" \/><img loading=\"lazy\" decoding=\"async\" src=\"https:\/\/www.cepdivin.org\/wp-content\/uploads\/2013\/06\/0002-565x290.jpg\" height=\"290\" width=\"565\" alt=\"Amancio Tenaguillo y Cort\u00e1zar : Oinopos - voyage au pays du vin. D\u00e9gustation litt\u00e9raire, Domaine Bordenave,12\/12\/2009.\" class=\"slider-1209 slide-1222 msDefaultImage\" \/><img loading=\"lazy\" decoding=\"async\" src=\"https:\/\/www.cepdivin.org\/wp-content\/uploads\/2013\/06\/DD-26-01-2013-565x290.jpg\" height=\"290\" width=\"565\" alt=\"D\u00eener d\u00e9gustation. L\" class=\"slider-1209 slide-1229 msDefaultImage\" \/><img loading=\"lazy\" decoding=\"async\" src=\"https:\/\/www.cepdivin.org\/wp-content\/uploads\/2015\/01\/degustation-litteraire-34-10-565x290.jpeg\" height=\"290\" width=\"565\" data-caption=\"&lt;div&gt;D&amp;eacute;gustation litt&amp;eacute;raire. Jean-Yves Bardin, Vignerons d&#039;Anjou.&lt;\/div&gt;\" alt=\"\" class=\"slider-1209 slide-4043 msDefaultImage\" \/><img loading=\"lazy\" decoding=\"async\" src=\"https:\/\/www.cepdivin.org\/wp-content\/uploads\/2026\/01\/degustation-litteraire-jerez-bardins-2-565x290.jpg\" height=\"290\" width=\"565\" title=\"degustation litteraire jerez bardins 2\" alt=\"\" class=\"slider-1209 slide-6491 msDefaultImage\" \/><img loading=\"lazy\" decoding=\"async\" src=\"https:\/\/www.cepdivin.org\/wp-content\/uploads\/2014\/01\/SAM_2464-565x290.jpg\" height=\"290\" width=\"565\" alt=\"Expression des terroirs \/ Vignerons d\u2019expression : Sylvain Jougla et J\u00e9r\u00e9mie Illouz.\" class=\"slider-1209 slide-2584 msDefaultImage\" \/><\/div><\/div>\n        \n    <\/div>\n<\/div><\/p>\n<figure style=\"width: 140px\" class=\"wp-caption alignright\"><img loading=\"lazy\" decoding=\"async\" src=\"http:\/\/www.cepdivin.org\/pirotte\/images\/Pirotte.jpg\" alt=\"Jean-Claude Pirotte\" width=\"140\" height=\"179\" \/><figcaption class=\"wp-caption-text\">Jean-Claude Pirotte<\/figcaption><\/figure>\n<h2><em>&#8220;Le vin, c&#8217;est beaucoup plus que le vin.&#8221;<\/em><\/h2>\n<h4><em>&#8220;Le vin, la litt\u00e9rature, la\u00a0peinture, la musique, la philosophie m\u00eame ne sont pas des ornements de la vie. Ils sont la vie m\u00eame, qui n&#8217;est tiss\u00e9e que de confidences.&#8221;<\/em><\/h4>\n<p><a href=\"http:\/\/goo.gl\/TkUpBC\" target=\"_blank\" rel=\"noopener\">Jean-Claude Pirotte<\/a><\/p>\n<h2><\/h2>\n<h2>D\u00e9gustation litt\u00e9raire\u00ae\u00a0?<\/h2>\n<h4 style=\"text-align: justify;\">Un m\u00e9tissage d\u00e9sinvolte de l&#8217;art, de la litt\u00e9rature et du vin,\u00a0un joyeux bricolage d&#8217;occasion, un m\u00e9lange harmonieux de tous les sens.<\/h4>\n<figure style=\"width: 376px\" class=\"wp-caption alignnone\"><img loading=\"lazy\" decoding=\"async\" src=\"http:\/\/www.cepdivin.org\/images\/lort_la_degustation_detail.jpg\" alt=\"\" width=\"376\" height=\"162\" \/><figcaption class=\"wp-caption-text\">LOR.T, La d\u00e9gustation (d\u00e9tail)<\/figcaption><\/figure>\n<figure id=\"attachment_1134\" aria-describedby=\"caption-attachment-1134\" style=\"width: 660px\" class=\"wp-caption aligncenter\"><a href=\"http:\/\/www.cepdivin.org\/wp-content\/uploads\/2013\/05\/sud_ouest250609.jpg\" target=\"_blank\" rel=\"target=&quot;_blank&quot; noopener\"><img loading=\"lazy\" decoding=\"async\" class=\"wp-image-1134 size-large\" src=\"http:\/\/www.cepdivin.org\/wp-content\/uploads\/2013\/05\/sud_ouest250609-950x1024.jpg\" alt=\"D\u00e9gustations oenolo-litt\u00e9raires. Sud Ouest 25\/06\/2009.\" width=\"660\" height=\"711\" srcset=\"https:\/\/www.cepdivin.org\/wp-content\/uploads\/2013\/05\/sud_ouest250609-950x1024.jpg 950w, https:\/\/www.cepdivin.org\/wp-content\/uploads\/2013\/05\/sud_ouest250609-278x300.jpg 278w, https:\/\/www.cepdivin.org\/wp-content\/uploads\/2013\/05\/sud_ouest250609-600x646.jpg 600w, https:\/\/www.cepdivin.org\/wp-content\/uploads\/2013\/05\/sud_ouest250609-700x754.jpg 700w, https:\/\/www.cepdivin.org\/wp-content\/uploads\/2013\/05\/sud_ouest250609-332x357.jpg 332w, https:\/\/www.cepdivin.org\/wp-content\/uploads\/2013\/05\/sud_ouest250609.jpg 952w\" sizes=\"auto, (max-width: 660px) 100vw, 660px\" \/><\/a><figcaption id=\"caption-attachment-1134\" class=\"wp-caption-text\">D\u00e9gustations oenolo-litt\u00e9raires.<br \/>Sud Ouest 25\/06\/2009.<\/figcaption><\/figure>\n<h2>Programmation<\/h2>\n<p style=\"text-align: justify;\">Nous organisons une<em><strong> d\u00e9gustation litt\u00e9raire \u00ae<\/strong><\/em>\u00a0trimestrielle en moyenne (peut varier en fonction de l&#8217;actualit\u00e9).<\/p>\n<p style=\"text-align: justify;\">Les <strong>vins d\u00e9gust\u00e9s<\/strong> (5 en moyenne) sont choisis en fonction de l&#8217;invit\u00e9 et\/ou de la th\u00e9matique. Lorsque cela est possible, les vignerons sont pr\u00e9sents pour parler de leurs vins.<\/p>\n<h3 style=\"text-align: justify;\">Programme pr\u00e9visionnel 2026\/2027*<\/h3>\n<h6 style=\"text-align: justify;\"><em>*Sous r\u00e9serve de modifications<\/em><\/h6>\n<ul style=\"text-align: justify;\">\n<li><strong>&#8220;Casanova, ivresses de Venise : \u00a0<em>Histoire de ma vie<\/em> avec le vin&#8221;<\/strong> (par Amancio Tenaguillo y Cort\u00e1zar) &#8211; Lieu et date \u00e0 pr\u00e9ciser.<\/li>\n<li><strong>&#8220;Charles Ferdinand Ramuz :\u00a0Le vin, la m\u00e9moire, le temps&#8221;<\/strong>\u00a0(par Amancio Tenaguillo y Cort\u00e1zar) &#8211; Lieu et date \u00e0 pr\u00e9ciser (reprise de la <a href=\"httphttp:\/\/www.cepdivin.org\/degustations\/ramuz.html:\/\/\" target=\"_blank\" rel=\"noopener\">D\u00e9gustation litt\u00e9raire\u00ae du 07\/04\/2004<\/a>)<\/li>\n<li>Etc.<\/li>\n<\/ul>\n<p style=\"text-align: justify;\">Ne pas h\u00e9siter \u00e0 consulter r\u00e9guli\u00e8rement cette page pour se tenir au courant de l&#8217;\u00e9volution de la programmation.<\/p>\n<h2>Archives<\/h2>\n<h3><a href=\"http:\/\/www.scoop.it\/t\/les-imaginaires-du-vin\/?tag=DEGUSTATIONS+LITTERAIRES\" target=\"_blank\" rel=\"noopener\">www.scoop.it\/t\/les-imaginaires-du-vin\/?tag=DEGUSTATIONS+LITTERAIRES<\/a><\/h3>\n<p><iframe loading=\"lazy\" src=\"http:\/\/www.scoop.it\/t\/les-imaginaires-du-vin\/js?format=rect&amp;numberOfPosts=10&amp;title=Les+rencontres+de+CEPDIVIN&amp;speed=5&amp;mode=normal&amp;width=620\" width=\"620\" height=\"200\" frameborder=\"0\" scrolling=\"no\" align=\"middle\"><\/iframe><br \/>\n<iframe id=\"haWidgetButton\" allowtransparency=\"true\" src=\"https:\/\/www.helloasso.com\/associations\/centre-d-etudes-pluridisciplinaires-des-imaginaires-du-vin-cepdivin\/adhesions\/adhesion-cepdivin-2026\/widget-bouton\" style=\"width: 100%; height: 70px; border: none;\"><\/iframe><\/p>\n<address>NB. Conform\u00e9ment \u00e0 l\u2019article L. 712-2 du code de la propri\u00e9t\u00e9 intellectuelle,\u00a0<strong><em>DEGUSTATION LITTERAIRE<\/em><\/strong>,\u00a0<strong>CEPDIVIN<\/strong>,\u00a0<strong>LES IMAGINAIRES DU VIN<\/strong>\u00a0sont des noms de marques d\u00e9pos\u00e9es aupr\u00e8s de l\u2019INPI.<\/address>\n<address>\u00a0<\/address>\n","protected":false},"excerpt":{"rendered":"<p>&#8220;Le vin, c&#8217;est beaucoup plus que le vin.&#8221; &#8220;Le vin, la litt\u00e9rature, la\u00a0peinture, la musique, la philosophie m\u00eame ne sont pas des ornements de la vie. Ils sont la vie m\u00eame, qui n&#8217;est tiss\u00e9e que de confidences.&#8221; Jean-Claude Pirotte D\u00e9gustation litt\u00e9raire\u00ae\u00a0? Un m\u00e9tissage d\u00e9sinvolte de l&#8217;art, de la litt\u00e9rature et &#8230;<\/p>\n","protected":false},"author":1,"featured_media":0,"parent":285,"menu_order":0,"comment_status":"closed","ping_status":"closed","template":"template-landing-page.php","meta":{"footnotes":""},"class_list":["post-313","page","type-page","status-publish","hentry","column","onecol"],"_links":{"self":[{"href":"https:\/\/www.cepdivin.org\/index.php?rest_route=\/wp\/v2\/pages\/313","targetHints":{"allow":["GET"]}}],"collection":[{"href":"https:\/\/www.cepdivin.org\/index.php?rest_route=\/wp\/v2\/pages"}],"about":[{"href":"https:\/\/www.cepdivin.org\/index.php?rest_route=\/wp\/v2\/types\/page"}],"author":[{"embeddable":true,"href":"https:\/\/www.cepdivin.org\/index.php?rest_route=\/wp\/v2\/users\/1"}],"replies":[{"embeddable":true,"href":"https:\/\/www.cepdivin.org\/index.php?rest_route=%2Fwp%2Fv2%2Fcomments&post=313"}],"version-history":[{"count":108,"href":"https:\/\/www.cepdivin.org\/index.php?rest_route=\/wp\/v2\/pages\/313\/revisions"}],"predecessor-version":[{"id":6505,"href":"https:\/\/www.cepdivin.org\/index.php?rest_route=\/wp\/v2\/pages\/313\/revisions\/6505"}],"up":[{"embeddable":true,"href":"https:\/\/www.cepdivin.org\/index.php?rest_route=\/wp\/v2\/pages\/285"}],"wp:attachment":[{"href":"https:\/\/www.cepdivin.org\/index.php?rest_route=%2Fwp%2Fv2%2Fmedia&parent=313"}],"curies":[{"name":"wp","href":"https:\/\/api.w.org\/{rel}","templated":true}]}}