{"id":273,"date":"2013-05-02T09:52:18","date_gmt":"2013-05-02T07:52:18","guid":{"rendered":"http:\/\/www.cepdivin.org\/?page_id=273"},"modified":"2013-07-09T19:05:32","modified_gmt":"2013-07-09T17:05:32","slug":"vin-cinema","status":"publish","type":"page","link":"https:\/\/www.cepdivin.org\/?page_id=273","title":{"rendered":"Vin &#038; cin\u00e9ma"},"content":{"rendered":"<figure id=\"attachment_1074\" aria-describedby=\"caption-attachment-1074\" style=\"width: 500px\" class=\"wp-caption aligncenter\"><img loading=\"lazy\" decoding=\"async\" class=\"size-full wp-image-1074 \" alt=\"Sideways, un film de Alexander Payne (2004) \u00a9 Twentieth Century Fox France\" src=\"http:\/\/www.cepdivin.org\/wp-content\/uploads\/2013\/05\/sideways.jpg\" width=\"500\" height=\"263\" srcset=\"https:\/\/www.cepdivin.org\/wp-content\/uploads\/2013\/05\/sideways.jpg 500w, https:\/\/www.cepdivin.org\/wp-content\/uploads\/2013\/05\/sideways-300x157.jpg 300w, https:\/\/www.cepdivin.org\/wp-content\/uploads\/2013\/05\/sideways-332x174.jpg 332w\" sizes=\"auto, (max-width: 500px) 100vw, 500px\" \/><figcaption id=\"caption-attachment-1074\" class=\"wp-caption-text\">Sideways, un film de Alexander Payne (2004)<br \/>\u00a9 Twentieth Century Fox France<\/figcaption><\/figure>\n<h1 style=\"text-align: justify;\">Images et repr\u00e9sentations socio-culturelles de la vigne et du vin au cin\u00e9ma<\/h1>\n<p>&nbsp;<\/p>\n<ul>\n<li>\n<h2>Mondovino &#8211;\u00a0Sideways &#8211;\u00a0Une grande ann\u00e9e<\/h2>\n<\/li>\n<\/ul>\n<figure id=\"attachment_838\" aria-describedby=\"caption-attachment-838\" style=\"width: 225px\" class=\"wp-caption alignleft\"><a href=\"http:\/\/www.cepdivin.org\/evenements\/mondovino.html\" target=\"_blank\"><img loading=\"lazy\" decoding=\"async\" class=\"size-medium wp-image-838 \" alt=\"Mondovino, de Jonathan Nossiter.\" src=\"http:\/\/www.cepdivin.org\/wp-content\/uploads\/2013\/05\/mondovinoBig-225x300.jpg\" width=\"225\" height=\"300\" srcset=\"https:\/\/www.cepdivin.org\/wp-content\/uploads\/2013\/05\/mondovinoBig-225x300.jpg 225w, https:\/\/www.cepdivin.org\/wp-content\/uploads\/2013\/05\/mondovinoBig-332x442.jpg 332w, https:\/\/www.cepdivin.org\/wp-content\/uploads\/2013\/05\/mondovinoBig.jpg 600w\" sizes=\"auto, (max-width: 225px) 100vw, 225px\" \/><\/a><figcaption id=\"caption-attachment-838\" class=\"wp-caption-text\">Mondovino, de Jonathan Nossiter.<\/figcaption><\/figure>\n<figure id=\"attachment_837\" aria-describedby=\"caption-attachment-837\" style=\"width: 225px\" class=\"wp-caption alignleft\"><a href=\"http:\/\/www.cepdivin.org\/evenements\/sideways.html\" target=\"_blank\"><img loading=\"lazy\" decoding=\"async\" class=\"size-medium wp-image-837 \" alt=\"Sideways, de Alexander Payne.\" src=\"http:\/\/www.cepdivin.org\/wp-content\/uploads\/2013\/05\/sideways02-225x300.jpg\" width=\"225\" height=\"300\" srcset=\"https:\/\/www.cepdivin.org\/wp-content\/uploads\/2013\/05\/sideways02-225x300.jpg 225w, https:\/\/www.cepdivin.org\/wp-content\/uploads\/2013\/05\/sideways02-332x442.jpg 332w, https:\/\/www.cepdivin.org\/wp-content\/uploads\/2013\/05\/sideways02.jpg 600w\" sizes=\"auto, (max-width: 225px) 100vw, 225px\" \/><\/a><figcaption id=\"caption-attachment-837\" class=\"wp-caption-text\">Sideways, de Alexander Payne.<\/figcaption><\/figure>\n<figure id=\"attachment_839\" aria-describedby=\"caption-attachment-839\" style=\"width: 225px\" class=\"wp-caption alignleft\"><a href=\"http:\/\/www.cepdivin.org\/evenements\/une_grande_annee.html\" target=\"_blank\"><img loading=\"lazy\" decoding=\"async\" class=\"size-medium wp-image-839 \" alt=\"Une grande ann\u00e9e, de Ridley Scott.\" src=\"http:\/\/www.cepdivin.org\/wp-content\/uploads\/2013\/05\/une_grande_annee01-225x300.jpg\" width=\"225\" height=\"300\" srcset=\"https:\/\/www.cepdivin.org\/wp-content\/uploads\/2013\/05\/une_grande_annee01-225x300.jpg 225w, https:\/\/www.cepdivin.org\/wp-content\/uploads\/2013\/05\/une_grande_annee01-332x442.jpg 332w, https:\/\/www.cepdivin.org\/wp-content\/uploads\/2013\/05\/une_grande_annee01.jpg 600w\" sizes=\"auto, (max-width: 225px) 100vw, 225px\" \/><\/a><figcaption id=\"caption-attachment-839\" class=\"wp-caption-text\">Une grande ann\u00e9e, de Ridley Scott.<\/figcaption><\/figure>\n<h2 style=\"text-align: justify;\"><\/h2>\n<h2 style=\"text-align: justify;\"><\/h2>\n<h2 style=\"text-align: justify;\"><\/h2>\n<h2 style=\"text-align: left;\"><\/h2>\n<h2 style=\"text-align: left;\"><\/h2>\n<h2 style=\"text-align: left;\"><\/h2>\n<h2 style=\"text-align: left;\"><\/h2>\n<p>&nbsp;<\/p>\n<p>&nbsp;<\/p>\n<p>&nbsp;<\/p>\n<p>&nbsp;<\/p>\n<p>&nbsp;<\/p>\n<p>&nbsp;<\/p>\n<p>&nbsp;<\/p>\n<p>&nbsp;<\/p>\n<h2 style=\"text-align: left;\"><\/h2>\n<h2 style=\"text-align: left;\"><\/h2>\n<h2 style=\"text-align: left;\"><\/h2>\n<h2 style=\"text-align: left;\"><\/h2>\n<p>&nbsp;<\/p>\n<h2>D&#8217;autres ressources dans notre s\u00e9lection :<\/h2>\n<ul>\n<li>\n<h3><span style=\"letter-spacing: 1px;\">Vin, Culture &amp; Soci\u00e9t\u00e9<\/span><\/h3>\n<h3 style=\"text-align: left;\"><a href=\"http:\/\/www.scoop.it\/t\/vin-culture-societe\/?tag=CINEMA\" target=\"_blank\">http:\/\/www.scoop.it\/t\/vin-culture-societe\/?tag=CINEMA<\/a><\/h3>\n<p><iframe loading=\"lazy\" src=\"http:\/\/www.scoop.it\/t\/vin-culture-societe\/js?format=rect&amp;numberOfPosts=10&amp;title=Vin%2C+Culture+%26+Soci%C3%A9t%C3%A9%3A+articles%2C+conf%C3%A9rences%2C+dossiers+...+en+ligne&amp;speed=5&amp;mode=normal&amp;width=620\" height=\"200\" width=\"620\" frameborder=\"0\" scrolling=\"no\" align=\"middle\"><\/iframe><\/li>\n<\/ul>\n","protected":false},"excerpt":{"rendered":"<p>Images et repr\u00e9sentations socio-culturelles de la vigne et du vin au cin\u00e9ma &nbsp; Mondovino &#8211;\u00a0Sideways &#8211;\u00a0Une grande ann\u00e9e &nbsp; &nbsp; &nbsp; &nbsp; &nbsp; &nbsp; &nbsp; &nbsp; &nbsp; D&#8217;autres ressources dans notre s\u00e9lection : Vin, Culture &amp; Soci\u00e9t\u00e9 http:\/\/www.scoop.it\/t\/vin-culture-societe\/?tag=CINEMA<\/p>\n","protected":false},"author":1,"featured_media":0,"parent":259,"menu_order":0,"comment_status":"closed","ping_status":"closed","template":"template-landing-page.php","meta":{"footnotes":""},"class_list":["post-273","page","type-page","status-publish","hentry","column","onecol"],"_links":{"self":[{"href":"https:\/\/www.cepdivin.org\/index.php?rest_route=\/wp\/v2\/pages\/273","targetHints":{"allow":["GET"]}}],"collection":[{"href":"https:\/\/www.cepdivin.org\/index.php?rest_route=\/wp\/v2\/pages"}],"about":[{"href":"https:\/\/www.cepdivin.org\/index.php?rest_route=\/wp\/v2\/types\/page"}],"author":[{"embeddable":true,"href":"https:\/\/www.cepdivin.org\/index.php?rest_route=\/wp\/v2\/users\/1"}],"replies":[{"embeddable":true,"href":"https:\/\/www.cepdivin.org\/index.php?rest_route=%2Fwp%2Fv2%2Fcomments&post=273"}],"version-history":[{"count":43,"href":"https:\/\/www.cepdivin.org\/index.php?rest_route=\/wp\/v2\/pages\/273\/revisions"}],"predecessor-version":[{"id":835,"href":"https:\/\/www.cepdivin.org\/index.php?rest_route=\/wp\/v2\/pages\/273\/revisions\/835"}],"up":[{"embeddable":true,"href":"https:\/\/www.cepdivin.org\/index.php?rest_route=\/wp\/v2\/pages\/259"}],"wp:attachment":[{"href":"https:\/\/www.cepdivin.org\/index.php?rest_route=%2Fwp%2Fv2%2Fmedia&parent=273"}],"curies":[{"name":"wp","href":"https:\/\/api.w.org\/{rel}","templated":true}]}}